{"id":5,"date":"2017-12-06T16:06:34","date_gmt":"2017-12-06T16:06:34","guid":{"rendered":"https:\/\/www.facialmaxcarazinho.com.br\/site\/?page_id=5"},"modified":"2020-06-30T18:08:52","modified_gmt":"2020-06-30T21:08:52","slug":"home","status":"publish","type":"page","link":"https:\/\/www.facialmaxcarazinho.com.br\/site\/","title":{"rendered":"Home"},"content":{"rendered":"<p>[slider_pro id=&#8221;2&#8243;]<\/p>\n<div style=\"display: none;\">\n<p>ortodontia carazinho, get\u00falio vargas, passo fundo, ronda alta cirurgi\u00e3o dentista carazinho, get\u00falio vargas, passo fundo, ronda alta , facialmax em carazinho, get\u00falio vargas, passo fundo, ronda alta , profissionais facialmax, carazinho, get\u00falio vargas, passo fundo, ronda alta RS, profissionais facialmax e odontologia carazinho, get\u00falio vargas, passo fundo, ronda alta<\/p>\n<h1>profissionais facialmax em carazinho, get\u00falio vargas, passo fundo, ronda alta ,\u00a0facialmax carazinho, get\u00falio vargas, passo fundo, ronda alta , cirurgi\u00e3o dentista carazinho, get\u00falio vargas, passo fundo, ronda alta ,<\/h1>\n<h2>profissionais facialmax em carazinho, get\u00falio vargas, passo fundo, ronda alta , ortodontia carazinho, get\u00falio vargas, passo fundo, ronda alta e regi\u00e3o, cirurgi\u00e3o dentista carazinho, get\u00falio vargas, passo fundo, ronda alta em carazinho, get\u00falio vargas, passo fundo, ronda alta , profissionais facialmax facialmax carazinho, get\u00falio vargas, passo fundo, ronda alta , profissionais facialmax em carazinho, get\u00falio vargas, passo fundo, ronda alta rs, profissionais facialmax, para carazinho, get\u00falio vargas, passo fundo, ronda alta e regi\u00e3o, profissionais facialmax para carazinho, get\u00falio vargas, passo fundo, ronda alta e regi\u00e3o\u00a0odontologia carazinho, get\u00falio vargas, passo fundo, ronda alta de profissionais facialmax em carazinho, get\u00falio vargas, passo fundo, ronda alta , ortodontia carazinho, get\u00falio vargas, passo fundo, ronda alta e regi\u00e3o, cirurgi\u00e3o dentista carazinho, get\u00falio vargas, passo fundo, ronda alta em carazinho, get\u00falio vargas, passo fundo, ronda alta , profissionais facialmax facialmax carazinho, get\u00falio vargas, passo fundo, ronda alta , profissionais facialmax em carazinho, get\u00falio vargas, passo fundo, ronda alta rs, profissionais facialmax,<a title=\"odontologia carazinho, get\u00falio vargas, passo fundo, ronda alta de profissionais facialmax em carazinho, get\u00falio vargas, passo fundo, ronda alta , ortodontia carazinho, get\u00falio vargas, passo fundo, ronda alta e regi\u00e3o, cirurgi\u00e3o dentista carazinho, get\u00falio vargas, passo fundo, ronda alta em carazinho, get\u00falio vargas, passo fundo, ronda alta , profissionais facialmax facialmax carazinho, get\u00falio vargas, passo fundo, ronda alta , profissionais facialmax em carazinho, get\u00falio vargas, passo fundo, ronda alta rs, profissionais facialmax, para carazinho, get\u00falio vargas, passo fundo, ronda alta e regi\u00e3o, profissionais facialmax para carazinho, get\u00falio vargas, passo fundo, ronda alta e regi\u00e3o\" href=\"http:\/\/www.facialmaxcarazinho.com.br\">para carazinho, get\u00falio vargas, passo fundo, ronda alta e regi\u00e3o, profissionais facialmax para carazinho, get\u00falio vargas, passo fundo, ronda alta e regi\u00e3o\u00a0odontologia carazinho, get\u00falio vargas, passo fundo, ronda alta de profissionais facialmax em carazinho, get\u00falio vargas, passo fundo, ronda alta , ortodontia carazinho, get\u00falio vargas, passo fundo, ronda alta e regi\u00e3o, cirurgi\u00e3o dentista carazinho, get\u00falio vargas, passo fundo, ronda alta em carazinho, get\u00falio vargas, passo fundo, ronda alta , profissionais facialmax facialmax carazinho, get\u00falio vargas, passo fundo, ronda alta , profissionais facialmax em carazinho, get\u00falio vargas, passo fundo, ronda alta rs, profissionais facialmax<\/a>, para carazinho, get\u00falio vargas, passo fundo, ronda alta e regi\u00e3o, profissionais facialmax para carazinho, get\u00falio vargas, passo fundo, ronda alta e regi\u00e3o\u00a0odontologia carazinho, get\u00falio vargas, passo fundo, ronda alta de profissionais facialmax em carazinho, get\u00falio vargas, passo fundo, ronda alta , ortodontia carazinho, get\u00falio vargas, passo fundo, ronda alta e regi\u00e3o, cirurgi\u00e3o dentista carazinho, get\u00falio vargas, passo fundo, ronda alta em carazinho, get\u00falio vargas, passo fundo, ronda alta , profissionais facialmax facialmax carazinho, get\u00falio vargas, passo fundo, ronda alta , profissionais facialmax em carazinho, get\u00falio vargas, passo fundo, ronda alta rs, profissionais facialmax, para carazinho, get\u00falio vargas, passo fundo, ronda alta e regi\u00e3o, profissionais facialmax para carazinho, get\u00falio vargas, passo fundo, ronda alta e regi\u00e3o\u00a0odontologia carazinho, get\u00falio vargas, passo fundo, ronda alta de profissionais facialmax em carazinho, get\u00falio vargas, passo fundo, ronda alta , ortodontia carazinho, get\u00falio vargas, passo fundo, ronda alta e regi\u00e3o, cirurgi\u00e3o dentista carazinho, get\u00falio vargas, passo fundo, ronda alta em carazinho, get\u00falio vargas, passo fundo, ronda alta , profissionais facialmax facialmax carazinho, get\u00falio vargas, passo fundo, ronda alta , profissionais facialmax em carazinho, get\u00falio vargas, passo fundo, ronda alta rs, profissionais facialmax, para carazinho, get\u00falio vargas, passo fundo, ronda alta e regi\u00e3o,<a title=\"odontologia carazinho, get\u00falio vargas, passo fundo, ronda alta de profissionais facialmax em carazinho, get\u00falio vargas, passo fundo, ronda alta , ortodontia carazinho, get\u00falio vargas, passo fundo, ronda alta e regi\u00e3o, cirurgi\u00e3o dentista carazinho, get\u00falio vargas, passo fundo, ronda alta em carazinho, get\u00falio vargas, passo fundo, ronda alta , profissionais facialmax facialmax carazinho, get\u00falio vargas, passo fundo, ronda alta , profissionais facialmax em carazinho, get\u00falio vargas, passo fundo, ronda alta rs, profissionais facialmax, para carazinho, get\u00falio vargas, passo fundo, ronda alta e regi\u00e3o, profissionais facialmax para carazinho, get\u00falio vargas, passo fundo, ronda alta e regi\u00e3o\" href=\"https:\/\/www.facialmaxcarazinho.com.br\/site\">profissionais facialmax para carazinho, get\u00falio vargas, passo fundo, ronda alta e regi\u00e3o\u00a0odontologia carazinho, get\u00falio vargas, passo fundo, ronda alta de profissionais facialmax em carazinho, get\u00falio vargas, passo fundo, ronda alta , ortodontia carazinho, get\u00falio vargas, passo fundo, ronda alta e regi\u00e3o, cria\u00e7\u00e3o de sit<\/a>es em carazinho, get\u00falio vargas, passo fundo, ronda alta , profissionais facialmax facialmax carazinho, get\u00falio vargas, passo fundo, ronda alta , profissionais facialmax em carazinho, get\u00falio vargas, passo fundo, ronda alta rs, profissionais facialmax, para carazinho, get\u00falio vargas, passo fundo, ronda alta e regi\u00e3o, profissionais facialmax para carazinho, get\u00falio vargas, passo fundo, ronda alta e regi\u00e3o<\/h2>\n<div id=\"attachment_747\" style=\"width: 353px\" class=\"wp-caption aligncenter\"><a href=\"https:\/\/www.facialmaxcarazinho.com.br\/site\/wp-content\/uploads\/2013\/06\/per\u00edcia-m\u00e9dica-passo-fundo-rs.jpg\"><img aria-describedby=\"caption-attachment-747\" decoding=\"async\" loading=\"lazy\" class=\"size-full wp-image-747 \" title=\"odontologia carazinho, get\u00falio vargas, passo fundo, ronda alta de profissionais facialmax em carazinho, get\u00falio vargas, passo fundo, ronda alta \" src=\"https:\/\/www.facialmaxcarazinho.com.br\/site\/wp-content\/uploads\/2013\/06\/per\u00edcia-m\u00e9dica-passo-fundo-rs.jpg\" alt=\"odontologia carazinho, get\u00falio vargas, passo fundo, ronda alta de profissionais facialmax em carazinho, get\u00falio vargas, passo fundo, ronda alta \" width=\"343\" height=\"300\"  loading=\"lazy\" \/><\/a><p id=\"caption-attachment-747\" class=\"wp-caption-text\">odontologia carazinho, get\u00falio vargas, passo fundo, ronda alta de profissionais facialmax em carazinho, get\u00falio vargas, passo fundo, ronda alta<\/p><\/div>\n<\/div>\n","protected":false},"excerpt":{"rendered":"<p>[slider_pro id=&#8221;2&#8243;] ortodontia carazinho, get\u00falio vargas, passo fundo, ronda alta cirurgi\u00e3o dentista carazinho, get\u00falio vargas, [&hellip;]<\/p>\n","protected":false},"author":1,"featured_media":0,"parent":0,"menu_order":0,"comment_status":"closed","ping_status":"closed","template":"template-inicio.php","meta":[],"_links":{"self":[{"href":"https:\/\/www.facialmaxcarazinho.com.br\/site\/wp-json\/wp\/v2\/pages\/5"}],"collection":[{"href":"https:\/\/www.facialmaxcarazinho.com.br\/site\/wp-json\/wp\/v2\/pages"}],"about":[{"href":"https:\/\/www.facialmaxcarazinho.com.br\/site\/wp-json\/wp\/v2\/types\/page"}],"author":[{"embeddable":true,"href":"https:\/\/www.facialmaxcarazinho.com.br\/site\/wp-json\/wp\/v2\/users\/1"}],"replies":[{"embeddable":true,"href":"https:\/\/www.facialmaxcarazinho.com.br\/site\/wp-json\/wp\/v2\/comments?post=5"}],"version-history":[{"count":7,"href":"https:\/\/www.facialmaxcarazinho.com.br\/site\/wp-json\/wp\/v2\/pages\/5\/revisions"}],"predecessor-version":[{"id":199,"href":"https:\/\/www.facialmaxcarazinho.com.br\/site\/wp-json\/wp\/v2\/pages\/5\/revisions\/199"}],"wp:attachment":[{"href":"https:\/\/www.facialmaxcarazinho.com.br\/site\/wp-json\/wp\/v2\/media?parent=5"}],"curies":[{"name":"wp","href":"https:\/\/api.w.org\/{rel}","templated":true}]}}