{"id":7,"date":"2017-12-06T16:06:52","date_gmt":"2017-12-06T16:06:52","guid":{"rendered":"https:\/\/www.facialmaxcarazinho.com.br\/site\/?page_id=7"},"modified":"2026-03-11T19:23:40","modified_gmt":"2026-03-11T22:23:40","slug":"facialmax-odontologia","status":"publish","type":"page","link":"https:\/\/www.facialmaxcarazinho.com.br\/site\/facialmax-odontologia\/","title":{"rendered":"FacialMax"},"content":{"rendered":"<p>A FacialMax \u00e9 resultado de experi\u00eancia, conhecimento e dedica\u00e7\u00e3o \u00e0 odontologia especializada. A cl\u00ednica re\u00fane especialistas nas \u00e1reas de cirurgia bucomaxilofacial, planejamento ortod\u00f4ntico pr\u00e9-cir\u00fargico e implantodontia, atuando de forma integrada para oferecer tratamentos precisos e eficientes.<\/p>\n<p>Cada paciente \u00e9 atendido de forma individualizada, com diagn\u00f3stico detalhado e planejamento cuidadoso, permitindo definir o tratamento mais adequado para cada necessidade.<\/p>\n<p>Na FacialMax, os protocolos cl\u00ednicos s\u00e3o conduzidos com alto padr\u00e3o t\u00e9cnico, sempre priorizando a sa\u00fade, a seguran\u00e7a e o bem-estar do paciente, garantindo tratamentos confi\u00e1veis e resultados consistentes.<\/p>\n<div class=\"foogallery foogallery-container foogallery-default foogallery-lightbox-foobox fg-gutter-10 fg-center fg-default fg-light fg-border-thin fg-round-large fg-shadow-medium fg-shadow-inset-large fg-loading-default fg-loaded-fade-in fg-custom  fg-hover-scale fg-caption-hover fg-hover-fade fg-hover-zoom\" id=\"foogallery-gallery-136\" data-foogallery=\"{&quot;item&quot;:{&quot;showCaptionTitle&quot;:true,&quot;showCaptionDescription&quot;:true},&quot;lazy&quot;:true,&quot;src&quot;:&quot;data-src-fg&quot;,&quot;srcset&quot;:&quot;data-srcset-fg&quot;}\" data-fg-common-fields=\"1\" >\n\t<div class=\"fg-item\"><figure class=\"fg-item-inner\"><a  href=\"https:\/\/www.facialmaxcarazinho.com.br\/site\/wp-content\/uploads\/2018\/05\/facialmax_ronda-alta.png\" data-attachment-id=\"155\" class=\" fg-thumb\"><img  width=\"250\" height=\"200\" data-src-fg=\"https:\/\/www.facialmaxcarazinho.com.br\/site\/wp-content\/uploads\/cache\/2018\/05\/facialmax_ronda-alta\/909541692.png\" class=\"fg-image\" \/><\/a><figcaption class=\"fg-caption\"><div class=\"fg-caption-inner\"><\/div><\/figcaption><\/figure><\/div><div class=\"fg-item\"><figure class=\"fg-item-inner\"><a  href=\"https:\/\/www.facialmaxcarazinho.com.br\/site\/wp-content\/uploads\/2018\/05\/facialmax_ronda-alta2.png\" data-attachment-id=\"154\" class=\" fg-thumb\"><img  width=\"250\" height=\"200\" data-src-fg=\"https:\/\/www.facialmaxcarazinho.com.br\/site\/wp-content\/uploads\/cache\/2018\/05\/facialmax_ronda-alta2\/2204870575.png\" class=\"fg-image\" \/><\/a><figcaption class=\"fg-caption\"><div class=\"fg-caption-inner\"><\/div><\/figcaption><\/figure><\/div><div class=\"fg-item\"><figure class=\"fg-item-inner\"><a  href=\"https:\/\/www.facialmaxcarazinho.com.br\/site\/wp-content\/uploads\/2018\/05\/3.jpg\" data-attachment-id=\"139\" class=\" fg-thumb\"><img  width=\"250\" height=\"200\" data-src-fg=\"https:\/\/www.facialmaxcarazinho.com.br\/site\/wp-content\/uploads\/cache\/2018\/05\/3\/3423681824.jpg\" class=\"fg-image\" \/><\/a><figcaption class=\"fg-caption\"><div class=\"fg-caption-inner\"><\/div><\/figcaption><\/figure><\/div><div class=\"fg-item\"><figure class=\"fg-item-inner\"><a  href=\"https:\/\/www.facialmaxcarazinho.com.br\/site\/wp-content\/uploads\/2018\/05\/4.jpg\" data-attachment-id=\"140\" class=\" fg-thumb\"><img  width=\"250\" height=\"200\" data-src-fg=\"https:\/\/www.facialmaxcarazinho.com.br\/site\/wp-content\/uploads\/cache\/2018\/05\/4\/2165052908.jpg\" class=\"fg-image\" \/><\/a><figcaption class=\"fg-caption\"><div class=\"fg-caption-inner\"><\/div><\/figcaption><\/figure><\/div><div class=\"fg-item\"><figure class=\"fg-item-inner\"><a  href=\"https:\/\/www.facialmaxcarazinho.com.br\/site\/wp-content\/uploads\/2018\/05\/5.jpg\" data-attachment-id=\"141\" class=\" fg-thumb\"><img  width=\"250\" height=\"200\" data-src-fg=\"https:\/\/www.facialmaxcarazinho.com.br\/site\/wp-content\/uploads\/cache\/2018\/05\/5\/2453037285.jpg\" class=\"fg-image\" \/><\/a><figcaption class=\"fg-caption\"><div class=\"fg-caption-inner\"><\/div><\/figcaption><\/figure><\/div><div class=\"fg-item\"><figure class=\"fg-item-inner\"><a  href=\"https:\/\/www.facialmaxcarazinho.com.br\/site\/wp-content\/uploads\/2018\/05\/6.jpg\" data-attachment-id=\"142\" class=\" fg-thumb\"><img  width=\"250\" height=\"200\" data-src-fg=\"https:\/\/www.facialmaxcarazinho.com.br\/site\/wp-content\/uploads\/cache\/2018\/05\/6\/2809724926.jpg\" class=\"fg-image\" \/><\/a><figcaption class=\"fg-caption\"><div class=\"fg-caption-inner\"><\/div><\/figcaption><\/figure><\/div><div class=\"fg-item\"><figure class=\"fg-item-inner\"><a  href=\"https:\/\/www.facialmaxcarazinho.com.br\/site\/wp-content\/uploads\/2018\/05\/7.jpg\" data-attachment-id=\"143\" class=\" fg-thumb\"><img  width=\"250\" height=\"200\" data-src-fg=\"https:\/\/www.facialmaxcarazinho.com.br\/site\/wp-content\/uploads\/cache\/2018\/05\/7\/3024259831.jpg\" class=\"fg-image\" \/><\/a><figcaption class=\"fg-caption\"><div class=\"fg-caption-inner\"><\/div><\/figcaption><\/figure><\/div><div class=\"fg-item\"><figure class=\"fg-item-inner\"><a  href=\"https:\/\/www.facialmaxcarazinho.com.br\/site\/wp-content\/uploads\/2018\/05\/1-1.jpg\" data-attachment-id=\"144\" class=\" fg-thumb\"><img  width=\"250\" height=\"200\" data-src-fg=\"https:\/\/www.facialmaxcarazinho.com.br\/site\/wp-content\/uploads\/cache\/2018\/05\/1-1\/1104264926.jpg\" class=\"fg-image\" \/><\/a><figcaption class=\"fg-caption\"><div class=\"fg-caption-inner\"><\/div><\/figcaption><\/figure><\/div><div class=\"fg-item\"><figure class=\"fg-item-inner\"><a  href=\"https:\/\/www.facialmaxcarazinho.com.br\/site\/wp-content\/uploads\/2018\/05\/2-1.jpg\" data-attachment-id=\"145\" class=\" fg-thumb\"><img  width=\"250\" height=\"200\" data-src-fg=\"https:\/\/www.facialmaxcarazinho.com.br\/site\/wp-content\/uploads\/cache\/2018\/05\/2-1\/3028894499.jpg\" class=\"fg-image\" \/><\/a><figcaption class=\"fg-caption\"><div class=\"fg-caption-inner\"><\/div><\/figcaption><\/figure><\/div><div class=\"fg-item\"><figure class=\"fg-item-inner\"><a  href=\"https:\/\/www.facialmaxcarazinho.com.br\/site\/wp-content\/uploads\/2018\/05\/3-1.jpg\" data-attachment-id=\"146\" class=\" fg-thumb\"><img  width=\"250\" height=\"200\" data-src-fg=\"https:\/\/www.facialmaxcarazinho.com.br\/site\/wp-content\/uploads\/cache\/2018\/05\/3-1\/2046485279.jpg\" class=\"fg-image\" \/><\/a><figcaption class=\"fg-caption\"><div class=\"fg-caption-inner\"><\/div><\/figcaption><\/figure><\/div><\/div>\n\n<h1 style=\"text-align: center;\"><\/h1>\n<p>&nbsp;<\/p>\n<p>&nbsp;<\/p>\n<div style=\"display: none;\">\n<p>cirurgia carazinho, get\u00falio vargas, passo fundo, ronda alta cirurgi\u00e3o dentista carazinho, get\u00falio vargas, passo fundo, ronda alta , facialmax em carazinho, get\u00falio vargas, passo fundo, ronda alta , profissionais facialmax, carazinho, get\u00falio vargas, passo fundo, ronda alta RS, profissionais facialmax e ortodontia carazinho, get\u00falio vargas, passo fundo, ronda alta<\/p>\n<h1>profissionais facialmax em carazinho, get\u00falio vargas, passo fundo, ronda alta ,\u00a0facialmax carazinho, get\u00falio vargas, passo fundo, ronda alta , cirurgi\u00e3o dentista carazinho, get\u00falio vargas, passo fundo, ronda alta ,<\/h1>\n<h2>profissionais facialmax em carazinho, get\u00falio vargas, passo fundo, ronda alta , cirurgia carazinho, get\u00falio vargas, passo fundo, ronda alta e regi\u00e3o, cirurgi\u00e3o dentista carazinho, get\u00falio vargas, passo fundo, ronda alta em carazinho, get\u00falio vargas, passo fundo, ronda alta , profissionais facialmax facialmax carazinho, get\u00falio vargas, passo fundo, ronda alta , profissionais facialmax em carazinho, get\u00falio vargas, passo fundo, ronda alta rs, profissionais facialmax, para carazinho, get\u00falio vargas, passo fundo, ronda alta e regi\u00e3o, profissionais facialmax para carazinho, get\u00falio vargas, passo fundo, ronda alta e regi\u00e3o\u00a0ortodontia carazinho, get\u00falio vargas, passo fundo, ronda alta de profissionais facialmax em carazinho, get\u00falio vargas, passo fundo, ronda alta , cirurgia carazinho, get\u00falio vargas, passo fundo, ronda alta e regi\u00e3o, cirurgi\u00e3o dentista carazinho, get\u00falio vargas, passo fundo, ronda alta em carazinho, get\u00falio vargas, passo fundo, ronda alta , profissionais facialmax facialmax carazinho, get\u00falio vargas, passo fundo, ronda alta , profissionais facialmax em carazinho, get\u00falio vargas, passo fundo, ronda alta rs, profissionais facialmax,<a title=\"ortodontia carazinho, get\u00falio vargas, passo fundo, ronda alta de profissionais facialmax em carazinho, get\u00falio vargas, passo fundo, ronda alta , cirurgia carazinho, get\u00falio vargas, passo fundo, ronda alta e regi\u00e3o, cirurgi\u00e3o dentista carazinho, get\u00falio vargas, passo fundo, ronda alta em carazinho, get\u00falio vargas, passo fundo, ronda alta , profissionais facialmax facialmax carazinho, get\u00falio vargas, passo fundo, ronda alta , profissionais facialmax em carazinho, get\u00falio vargas, passo fundo, ronda alta rs, profissionais facialmax, para carazinho, get\u00falio vargas, passo fundo, ronda alta e regi\u00e3o, profissionais facialmax para carazinho, get\u00falio vargas, passo fundo, ronda alta e regi\u00e3o\" href=\"http:\/\/www.facialmaxcarazinho.com.br\">para carazinho, get\u00falio vargas, passo fundo, ronda alta e regi\u00e3o, profissionais facialmax para carazinho, get\u00falio vargas, passo fundo, ronda alta e regi\u00e3o\u00a0ortodontia carazinho, get\u00falio vargas, passo fundo, ronda alta de profissionais facialmax em carazinho, get\u00falio vargas, passo fundo, ronda alta , cirurgia carazinho, get\u00falio vargas, passo fundo, ronda alta e regi\u00e3o, cirurgi\u00e3o dentista carazinho, get\u00falio vargas, passo fundo, ronda alta em carazinho, get\u00falio vargas, passo fundo, ronda alta , profissionais facialmax facialmax carazinho, get\u00falio vargas, passo fundo, ronda alta , profissionais facialmax em carazinho, get\u00falio vargas, passo fundo, ronda alta rs, profissionais facialmax<\/a>, para carazinho, get\u00falio vargas, passo fundo, ronda alta e regi\u00e3o, profissionais facialmax para carazinho, get\u00falio vargas, passo fundo, ronda alta e regi\u00e3o\u00a0ortodontia carazinho, get\u00falio vargas, passo fundo, ronda alta de profissionais facialmax em carazinho, get\u00falio vargas, passo fundo, ronda alta , cirurgia carazinho, get\u00falio vargas, passo fundo, ronda alta e regi\u00e3o, cirurgi\u00e3o dentista carazinho, get\u00falio vargas, passo fundo, ronda alta em carazinho, get\u00falio vargas, passo fundo, ronda alta , profissionais facialmax facialmax carazinho, get\u00falio vargas, passo fundo, ronda alta , profissionais facialmax em carazinho, get\u00falio vargas, passo fundo, ronda alta rs, profissionais facialmax, para carazinho, get\u00falio vargas, passo fundo, ronda alta e regi\u00e3o, profissionais facialmax para carazinho, get\u00falio vargas, passo fundo, ronda alta e regi\u00e3o\u00a0ortodontia carazinho, get\u00falio vargas, passo fundo, ronda alta de profissionais facialmax em carazinho, get\u00falio vargas, passo fundo, ronda alta , cirurgia carazinho, get\u00falio vargas, passo fundo, ronda alta e regi\u00e3o, cirurgi\u00e3o dentista carazinho, get\u00falio vargas, passo fundo, ronda alta em carazinho, get\u00falio vargas, passo fundo, ronda alta , profissionais facialmax facialmax carazinho, get\u00falio vargas, passo fundo, ronda alta , profissionais facialmax em carazinho, get\u00falio vargas, passo fundo, ronda alta rs, profissionais facialmax, para carazinho, get\u00falio vargas, passo fundo, ronda alta e regi\u00e3o,<a title=\"ortodontia carazinho, get\u00falio vargas, passo fundo, ronda alta de profissionais facialmax em carazinho, get\u00falio vargas, passo fundo, ronda alta , cirurgia carazinho, get\u00falio vargas, passo fundo, ronda alta e regi\u00e3o, cirurgi\u00e3o dentista carazinho, get\u00falio vargas, passo fundo, ronda alta em carazinho, get\u00falio vargas, passo fundo, ronda alta , profissionais facialmax facialmax carazinho, get\u00falio vargas, passo fundo, ronda alta , profissionais facialmax em carazinho, get\u00falio vargas, passo fundo, ronda alta rs, profissionais facialmax, para carazinho, get\u00falio vargas, passo fundo, ronda alta e regi\u00e3o, profissionais facialmax para carazinho, get\u00falio vargas, passo fundo, ronda alta e regi\u00e3o\" href=\"https:\/\/www.facialmaxcarazinho.com.br\/site\">profissionais facialmax para carazinho, get\u00falio vargas, passo fundo, ronda alta e regi\u00e3o\u00a0ortodontia carazinho, get\u00falio vargas, passo fundo, ronda alta de profissionais facialmax em carazinho, get\u00falio vargas, passo fundo, ronda alta , cirurgia carazinho, get\u00falio vargas, passo fundo, ronda alta e regi\u00e3o, cria\u00e7\u00e3o de sit<\/a>es em carazinho, get\u00falio vargas, passo fundo, ronda alta , profissionais facialmax facialmax carazinho, get\u00falio vargas, passo fundo, ronda alta , profissionais facialmax em carazinho, get\u00falio vargas, passo fundo, ronda alta rs, profissionais facialmax, para carazinho, get\u00falio vargas, passo fundo, ronda alta e regi\u00e3o, profissionais facialmax para carazinho, get\u00falio vargas, passo fundo, ronda alta e regi\u00e3o<\/h2>\n<div id=\"attachment_747\" style=\"width: 353px\" class=\"wp-caption aligncenter\"><a href=\"https:\/\/www.facialmaxcarazinho.com.br\/site\/wp-content\/uploads\/2013\/06\/per\u00edcia-m\u00e9dica-passo-fundo-rs.jpg\"><img aria-describedby=\"caption-attachment-747\" decoding=\"async\" loading=\"lazy\" class=\"size-full wp-image-747 \" title=\"ortodontia carazinho, get\u00falio vargas, passo fundo, ronda alta de profissionais facialmax em carazinho, get\u00falio vargas, passo fundo, ronda alta \" src=\"https:\/\/www.facialmaxcarazinho.com.br\/site\/wp-content\/uploads\/2013\/06\/per\u00edcia-m\u00e9dica-passo-fundo-rs.jpg\" alt=\"ortodontia carazinho, get\u00falio vargas, passo fundo, ronda alta de profissionais facialmax em carazinho, get\u00falio vargas, passo fundo, ronda alta \" width=\"343\" height=\"300\"  loading=\"lazy\" \/><\/a><p id=\"caption-attachment-747\" class=\"wp-caption-text\">ortodontia carazinho, get\u00falio vargas, passo fundo, ronda alta de profissionais facialmax em carazinho, get\u00falio vargas, passo fundo, ronda alta<\/p><\/div>\n<\/div>\n","protected":false},"excerpt":{"rendered":"<p>A FacialMax \u00e9 resultado de experi\u00eancia, conhecimento e dedica\u00e7\u00e3o \u00e0 odontologia especializada. A cl\u00ednica re\u00fane [&hellip;]<\/p>\n","protected":false},"author":1,"featured_media":0,"parent":0,"menu_order":0,"comment_status":"closed","ping_status":"closed","template":"","meta":[],"_links":{"self":[{"href":"https:\/\/www.facialmaxcarazinho.com.br\/site\/wp-json\/wp\/v2\/pages\/7"}],"collection":[{"href":"https:\/\/www.facialmaxcarazinho.com.br\/site\/wp-json\/wp\/v2\/pages"}],"about":[{"href":"https:\/\/www.facialmaxcarazinho.com.br\/site\/wp-json\/wp\/v2\/types\/page"}],"author":[{"embeddable":true,"href":"https:\/\/www.facialmaxcarazinho.com.br\/site\/wp-json\/wp\/v2\/users\/1"}],"replies":[{"embeddable":true,"href":"https:\/\/www.facialmaxcarazinho.com.br\/site\/wp-json\/wp\/v2\/comments?post=7"}],"version-history":[{"count":19,"href":"https:\/\/www.facialmaxcarazinho.com.br\/site\/wp-json\/wp\/v2\/pages\/7\/revisions"}],"predecessor-version":[{"id":332,"href":"https:\/\/www.facialmaxcarazinho.com.br\/site\/wp-json\/wp\/v2\/pages\/7\/revisions\/332"}],"wp:attachment":[{"href":"https:\/\/www.facialmaxcarazinho.com.br\/site\/wp-json\/wp\/v2\/media?parent=7"}],"curies":[{"name":"wp","href":"https:\/\/api.w.org\/{rel}","templated":true}]}}